{"id":1599,"date":"2022-11-07T12:04:25","date_gmt":"2022-11-07T12:04:25","guid":{"rendered":"https:\/\/vejotadigital.com.br\/?page_id=1599"},"modified":"2023-08-23T17:40:07","modified_gmt":"2023-08-23T17:40:07","slug":"consultoria-marketing","status":"publish","type":"page","link":"https:\/\/vejotadigital.com.br\/index.php\/consultoria-marketing\/","title":{"rendered":"Consultoria em marketing"},"content":{"rendered":"\t\t<div data-elementor-type=\"wp-page\" data-elementor-id=\"1599\" class=\"elementor elementor-1599\">\n\t\t\t\t<div class=\"elementor-element elementor-element-f66afc4 e-flex e-con-boxed e-con e-parent\" data-id=\"f66afc4\" data-element_type=\"container\" data-e-type=\"container\" data-settings=\"{&quot;background_background&quot;:&quot;classic&quot;}\">\n\t\t\t\t\t<div class=\"e-con-inner\">\n\t\t\t\t<div class=\"elementor-element elementor-element-c0b1806 elementor-widget elementor-widget-heading\" data-id=\"c0b1806\" data-element_type=\"widget\" data-e-type=\"widget\" data-widget_type=\"heading.default\">\n\t\t\t\t<div class=\"elementor-widget-container\">\n\t\t\t\t\t<h1 class=\"elementor-heading-title elementor-size-default\">Consultoria em Marketing <\/h1>\t\t\t\t<\/div>\n\t\t\t\t<\/div>\n\t\t\t\t<div class=\"elementor-element elementor-element-38bab1f elementor-widget elementor-widget-heading\" data-id=\"38bab1f\" data-element_type=\"widget\" data-e-type=\"widget\" data-widget_type=\"heading.default\">\n\t\t\t\t<div class=\"elementor-widget-container\">\n\t\t\t\t\t<h5 class=\"elementor-heading-title elementor-size-default\">Saiba Mais<\/h5>\t\t\t\t<\/div>\n\t\t\t\t<\/div>\n\t\t\t\t<div class=\"elementor-element elementor-element-990fa8c elementor-view-default elementor-widget elementor-widget-icon\" data-id=\"990fa8c\" data-element_type=\"widget\" data-e-type=\"widget\" data-widget_type=\"icon.default\">\n\t\t\t\t<div class=\"elementor-widget-container\">\n\t\t\t\t\t\t\t<div class=\"elementor-icon-wrapper\">\n\t\t\t<div class=\"elementor-icon\">\n\t\t\t<i aria-hidden=\"true\" class=\"far fa-hand-point-down\"><\/i>\t\t\t<\/div>\n\t\t<\/div>\n\t\t\t\t\t\t<\/div>\n\t\t\t\t<\/div>\n\t\t\t\t\t<\/div>\n\t\t\t\t<\/div>\n\t\t<div class=\"elementor-element elementor-element-f43da16 e-flex e-con-boxed e-con e-parent\" data-id=\"f43da16\" data-element_type=\"container\" data-e-type=\"container\">\n\t\t\t\t\t<div class=\"e-con-inner\">\n\t\t<div class=\"elementor-element elementor-element-53be0f2 e-con-full e-flex e-con e-parent\" data-id=\"53be0f2\" data-element_type=\"container\" data-e-type=\"container\">\n\t\t\t\t<div class=\"elementor-element elementor-element-028ca19 elementor-widget elementor-widget-heading\" data-id=\"028ca19\" data-element_type=\"widget\" data-e-type=\"widget\" data-widget_type=\"heading.default\">\n\t\t\t\t<div class=\"elementor-widget-container\">\n\t\t\t\t\t<h2 class=\"elementor-heading-title elementor-size-default\">Mais Clientes, Mais Vendas: Alavanque seu Neg\u00f3cio com Nossa Consultoria em Marketing Digital e Descubra como Nossa Consultoria  Faz toda a Diferen\u00e7a.<\/h2>\t\t\t\t<\/div>\n\t\t\t\t<\/div>\n\t\t\t\t<div class=\"elementor-element elementor-element-578b9b7 elementor-widget elementor-widget-heading\" data-id=\"578b9b7\" data-element_type=\"widget\" data-e-type=\"widget\" data-widget_type=\"heading.default\">\n\t\t\t\t<div class=\"elementor-widget-container\">\n\t\t\t\t\t<p class=\"elementor-heading-title elementor-size-default\">Nosso trabalho envolve uma equipe de Consultores especializados em Marketing Digital online, que fornecem orienta\u00e7\u00f5es estrat\u00e9gicas e solu\u00e7\u00f5es personalizadas para empresas. Nosso objetivo \u00e9 melhorar a presen\u00e7a da empresa na internet, ampliar o alcance do p\u00fablico-alvo e otimizar as campanhas digitais, promovendo a marca da empresa.   Eles desenvolvem planos sob medida para aumentar a visibilidade no mercado, atrair novos clientes, fidelizar os atuais, impulsionar as vendas e aumentar os lucros. A equipe \u00e9 altamente capacitada, buscando resultados consistentes para ajudar as empresas a alcan\u00e7arem o sucesso no ambiente digital.\n\n<\/p>\t\t\t\t<\/div>\n\t\t\t\t<\/div>\n\t\t\t\t<\/div>\n\t\t<div class=\"elementor-element elementor-element-a08bfe0 e-con-full e-flex e-con e-parent\" data-id=\"a08bfe0\" data-element_type=\"container\" data-e-type=\"container\">\n\t\t\t\t<div class=\"elementor-element elementor-element-fcee37f elementor-widget elementor-widget-image\" data-id=\"fcee37f\" data-element_type=\"widget\" data-e-type=\"widget\" data-widget_type=\"image.default\">\n\t\t\t\t<div class=\"elementor-widget-container\">\n\t\t\t\t\t\t\t\t\t\t\t\t\t\t\t<img fetchpriority=\"high\" decoding=\"async\" width=\"1024\" height=\"1024\" src=\"https:\/\/vejotadigital.com.br\/wp-content\/uploads\/2023\/07\/Data-report-pana-1024x1024.png\" class=\"attachment-large size-large wp-image-2020\" alt=\"\" srcset=\"https:\/\/vejotadigital.com.br\/wp-content\/uploads\/2023\/07\/Data-report-pana-1024x1024.png 1024w, https:\/\/vejotadigital.com.br\/wp-content\/uploads\/2023\/07\/Data-report-pana-300x300.png 300w, https:\/\/vejotadigital.com.br\/wp-content\/uploads\/2023\/07\/Data-report-pana-150x150.png 150w, https:\/\/vejotadigital.com.br\/wp-content\/uploads\/2023\/07\/Data-report-pana-768x768.png 768w, https:\/\/vejotadigital.com.br\/wp-content\/uploads\/2023\/07\/Data-report-pana-1536x1536.png 1536w, https:\/\/vejotadigital.com.br\/wp-content\/uploads\/2023\/07\/Data-report-pana.png 2000w\" sizes=\"(max-width: 1024px) 100vw, 1024px\" \/>\t\t\t\t\t\t\t\t\t\t\t\t\t\t\t<\/div>\n\t\t\t\t<\/div>\n\t\t\t\t<\/div>\n\t\t\t\t\t<\/div>\n\t\t\t\t<\/div>\n\t\t<div class=\"elementor-element elementor-element-f38b81a e-flex e-con-boxed e-con e-parent\" data-id=\"f38b81a\" data-element_type=\"container\" data-e-type=\"container\">\n\t\t\t\t\t<div class=\"e-con-inner\">\n\t\t<div class=\"elementor-element elementor-element-0b12b49 e-con-full e-flex e-con e-parent\" data-id=\"0b12b49\" data-element_type=\"container\" data-e-type=\"container\">\n\t\t\t\t<div class=\"elementor-element elementor-element-6b36914 elementor-widget elementor-widget-image\" data-id=\"6b36914\" data-element_type=\"widget\" data-e-type=\"widget\" data-widget_type=\"image.default\">\n\t\t\t\t<div class=\"elementor-widget-container\">\n\t\t\t\t\t\t\t\t\t\t\t\t\t\t\t<img decoding=\"async\" width=\"1024\" height=\"1024\" src=\"https:\/\/vejotadigital.com.br\/wp-content\/uploads\/2023\/08\/Marketing-pana-1024x1024.png\" class=\"attachment-large size-large wp-image-2283\" alt=\"\" srcset=\"https:\/\/vejotadigital.com.br\/wp-content\/uploads\/2023\/08\/Marketing-pana-1024x1024.png 1024w, https:\/\/vejotadigital.com.br\/wp-content\/uploads\/2023\/08\/Marketing-pana-300x300.png 300w, https:\/\/vejotadigital.com.br\/wp-content\/uploads\/2023\/08\/Marketing-pana-150x150.png 150w, https:\/\/vejotadigital.com.br\/wp-content\/uploads\/2023\/08\/Marketing-pana-768x768.png 768w, https:\/\/vejotadigital.com.br\/wp-content\/uploads\/2023\/08\/Marketing-pana-1536x1536.png 1536w, https:\/\/vejotadigital.com.br\/wp-content\/uploads\/2023\/08\/Marketing-pana.png 2000w\" sizes=\"(max-width: 1024px) 100vw, 1024px\" \/>\t\t\t\t\t\t\t\t\t\t\t\t\t\t\t<\/div>\n\t\t\t\t<\/div>\n\t\t\t\t<\/div>\n\t\t<div class=\"elementor-element elementor-element-cf7ee31 e-con-full e-flex e-con e-parent\" data-id=\"cf7ee31\" data-element_type=\"container\" data-e-type=\"container\">\n\t\t\t\t<div class=\"elementor-element elementor-element-8685497 elementor-widget elementor-widget-heading\" data-id=\"8685497\" data-element_type=\"widget\" data-e-type=\"widget\" data-widget_type=\"heading.default\">\n\t\t\t\t<div class=\"elementor-widget-container\">\n\t\t\t\t\t<h2 class=\"elementor-heading-title elementor-size-default\">Saiba como se destacar no mercado !<\/h2>\t\t\t\t<\/div>\n\t\t\t\t<\/div>\n\t\t\t\t<div class=\"elementor-element elementor-element-becbe79 elementor-icon-list--layout-traditional elementor-list-item-link-full_width elementor-widget elementor-widget-icon-list\" data-id=\"becbe79\" data-element_type=\"widget\" data-e-type=\"widget\" data-widget_type=\"icon-list.default\">\n\t\t\t\t<div class=\"elementor-widget-container\">\n\t\t\t\t\t\t\t<ul class=\"elementor-icon-list-items\">\n\t\t\t\t\t\t\t<li class=\"elementor-icon-list-item\">\n\t\t\t\t\t\t\t\t\t\t\t<span class=\"elementor-icon-list-icon\">\n\t\t\t\t\t\t\t<i aria-hidden=\"true\" class=\"fas fa-check-circle\"><\/i>\t\t\t\t\t\t<\/span>\n\t\t\t\t\t\t\t\t\t\t<span class=\"elementor-icon-list-text\">Identifica\u00e7\u00e3o do P\u00fablico alvo.  <br>Produtos e servi\u00e7os para p\u00fablico certo.<\/span>\n\t\t\t\t\t\t\t\t\t<\/li>\n\t\t\t\t\t\t\t\t<li class=\"elementor-icon-list-item\">\n\t\t\t\t\t\t\t\t\t\t\t<span class=\"elementor-icon-list-icon\">\n\t\t\t\t\t\t\t<i aria-hidden=\"true\" class=\"fas fa-check-circle\"><\/i>\t\t\t\t\t\t<\/span>\n\t\t\t\t\t\t\t\t\t\t<span class=\"elementor-icon-list-text\">Estabelecimento de metas.<br>Aumentar a popularidade e vendas.<\/span>\n\t\t\t\t\t\t\t\t\t<\/li>\n\t\t\t\t\t\t\t\t<li class=\"elementor-icon-list-item\">\n\t\t\t\t\t\t\t\t\t\t\t<span class=\"elementor-icon-list-icon\">\n\t\t\t\t\t\t\t<i aria-hidden=\"true\" class=\"fas fa-check-circle\"><\/i>\t\t\t\t\t\t<\/span>\n\t\t\t\t\t\t\t\t\t\t<span class=\"elementor-icon-list-text\">Posicionar a empresa no mercado.  Desenvolvendo campanhas.<\/span>\n\t\t\t\t\t\t\t\t\t<\/li>\n\t\t\t\t\t\t\t\t<li class=\"elementor-icon-list-item\">\n\t\t\t\t\t\t\t\t\t\t\t<span class=\"elementor-icon-list-icon\">\n\t\t\t\t\t\t\t<i aria-hidden=\"true\" class=\"fas fa-check-circle\"><\/i>\t\t\t\t\t\t<\/span>\n\t\t\t\t\t\t\t\t\t\t<span class=\"elementor-icon-list-text\">Criar um conceito para a empresa. <br>  Identificar o p\u00fablico consumidor e fazer campanhas.<\/span>\n\t\t\t\t\t\t\t\t\t<\/li>\n\t\t\t\t\t\t<\/ul>\n\t\t\t\t\t\t<\/div>\n\t\t\t\t<\/div>\n\t\t\t\t<\/div>\n\t\t\t\t\t<\/div>\n\t\t\t\t<\/div>\n\t\t<div class=\"elementor-element elementor-element-17d29d0 e-con-full e-flex e-con e-parent\" data-id=\"17d29d0\" data-element_type=\"container\" data-e-type=\"container\">\n\t\t\t\t<div class=\"elementor-element elementor-element-c35d6d9 elementor-widget elementor-widget-shortcode\" data-id=\"c35d6d9\" data-element_type=\"widget\" data-e-type=\"widget\" data-widget_type=\"shortcode.default\">\n\t\t\t\t<div class=\"elementor-widget-container\">\n\t\t\t\t\t\t\t<div class=\"elementor-shortcode\">\t\t<div data-elementor-type=\"wp-post\" data-elementor-id=\"2564\" class=\"elementor elementor-2564\">\n\t\t\t\t<div class=\"elementor-element elementor-element-4e65a98 e-con-full e-flex e-con e-parent\" data-id=\"4e65a98\" data-element_type=\"container\" data-e-type=\"container\" data-settings=\"{&quot;background_background&quot;:&quot;classic&quot;}\">\n\t\t<div class=\"elementor-element elementor-element-c5afcc0 e-con-full e-flex e-con e-parent\" data-id=\"c5afcc0\" data-element_type=\"container\" data-e-type=\"container\">\n\t\t\t\t<div class=\"elementor-element elementor-element-14725f3 elementor-widget elementor-widget-image\" data-id=\"14725f3\" data-element_type=\"widget\" data-e-type=\"widget\" data-widget_type=\"image.default\">\n\t\t\t\t<div class=\"elementor-widget-container\">\n\t\t\t\t\t\t\t\t\t\t\t\t\t\t\t<img decoding=\"async\" width=\"150\" height=\"150\" src=\"https:\/\/vejotadigital.com.br\/wp-content\/uploads\/2023\/08\/11zon_cropped-150x150.png\" class=\"attachment-thumbnail size-thumbnail wp-image-2561\" alt=\"\" srcset=\"https:\/\/vejotadigital.com.br\/wp-content\/uploads\/2023\/08\/11zon_cropped-150x150.png 150w, https:\/\/vejotadigital.com.br\/wp-content\/uploads\/2023\/08\/11zon_cropped-300x300.png 300w, https:\/\/vejotadigital.com.br\/wp-content\/uploads\/2023\/08\/11zon_cropped.png 470w\" sizes=\"(max-width: 150px) 100vw, 150px\" \/>\t\t\t\t\t\t\t\t\t\t\t\t\t\t\t<\/div>\n\t\t\t\t<\/div>\n\t\t\t\t<\/div>\n\t\t<div class=\"elementor-element elementor-element-e12c946 e-con-full e-flex e-con e-parent\" data-id=\"e12c946\" data-element_type=\"container\" data-e-type=\"container\">\n\t\t\t\t<div class=\"elementor-element elementor-element-083981f elementor-nav-menu__align-center elementor-nav-menu--dropdown-none elementor-widget elementor-widget-nav-menu\" data-id=\"083981f\" data-element_type=\"widget\" data-e-type=\"widget\" data-settings=\"{&quot;layout&quot;:&quot;vertical&quot;,&quot;submenu_icon&quot;:{&quot;value&quot;:&quot;&lt;i class=\\&quot;fas fa-caret-down\\&quot;&gt;&lt;\\\/i&gt;&quot;,&quot;library&quot;:&quot;fa-solid&quot;}}\" data-widget_type=\"nav-menu.default\">\n\t\t\t\t<div class=\"elementor-widget-container\">\n\t\t\t\t\t\t\t\t<nav migration_allowed=\"1\" migrated=\"0\" role=\"navigation\" class=\"elementor-nav-menu--main elementor-nav-menu__container elementor-nav-menu--layout-vertical e--pointer-none\">\n\t\t\t\t<ul id=\"menu-1-083981f\" class=\"elementor-nav-menu sm-vertical\"><li class=\"menu-item menu-item-type-post_type menu-item-object-page menu-item-home menu-item-1762\"><a href=\"https:\/\/vejotadigital.com.br\/\" class=\"elementor-item\">Home<\/a><\/li>\n<li class=\"menu-item menu-item-type-custom menu-item-object-custom menu-item-has-children menu-item-2556\"><a class=\"elementor-item\">Servi\u00e7os<\/a>\n<ul class=\"sub-menu elementor-nav-menu--dropdown\">\n\t<li class=\"menu-item menu-item-type-post_type menu-item-object-page menu-item-1969\"><a href=\"https:\/\/vejotadigital.com.br\/index.php\/marketing-digital\/\" class=\"elementor-sub-item\">Marketing digital<\/a><\/li>\n\t<li class=\"menu-item menu-item-type-post_type menu-item-object-page menu-item-2309\"><a href=\"https:\/\/vejotadigital.com.br\/index.php\/consultoria-marketing\/\" class=\"elementor-sub-item\">Consultoria em marketing<\/a><\/li>\n<\/ul>\n<\/li>\n<li class=\"menu-item menu-item-type-post_type menu-item-object-page menu-item-1760\"><a href=\"https:\/\/vejotadigital.com.br\/index.php\/quem-somos\/\" class=\"elementor-item\">Quem somos<\/a><\/li>\n<li class=\"menu-item menu-item-type-post_type menu-item-object-page menu-item-1759\"><a href=\"https:\/\/vejotadigital.com.br\/index.php\/fale-conosco\/\" class=\"elementor-item\">Fale Conosco<\/a><\/li>\n<\/ul>\t\t\t<\/nav>\n\t\t\t\t\t<div class=\"elementor-menu-toggle\" role=\"button\" tabindex=\"0\" aria-label=\"Menu Toggle\" aria-expanded=\"false\">\n\t\t\t<i aria-hidden=\"true\" role=\"presentation\" class=\"elementor-menu-toggle__icon--open eicon-menu-bar\"><\/i><i aria-hidden=\"true\" role=\"presentation\" class=\"elementor-menu-toggle__icon--close eicon-close\"><\/i>\t\t\t<span class=\"elementor-screen-only\">Menu<\/span>\n\t\t<\/div>\n\t\t\t<nav class=\"elementor-nav-menu--dropdown elementor-nav-menu__container\" role=\"navigation\" aria-hidden=\"true\">\n\t\t\t\t<ul id=\"menu-2-083981f\" class=\"elementor-nav-menu sm-vertical\"><li class=\"menu-item menu-item-type-post_type menu-item-object-page menu-item-home menu-item-1762\"><a href=\"https:\/\/vejotadigital.com.br\/\" class=\"elementor-item\" tabindex=\"-1\">Home<\/a><\/li>\n<li class=\"menu-item menu-item-type-custom menu-item-object-custom menu-item-has-children menu-item-2556\"><a class=\"elementor-item\" tabindex=\"-1\">Servi\u00e7os<\/a>\n<ul class=\"sub-menu elementor-nav-menu--dropdown\">\n\t<li class=\"menu-item menu-item-type-post_type menu-item-object-page menu-item-1969\"><a href=\"https:\/\/vejotadigital.com.br\/index.php\/marketing-digital\/\" class=\"elementor-sub-item\" tabindex=\"-1\">Marketing digital<\/a><\/li>\n\t<li class=\"menu-item menu-item-type-post_type menu-item-object-page menu-item-2309\"><a href=\"https:\/\/vejotadigital.com.br\/index.php\/consultoria-marketing\/\" class=\"elementor-sub-item\" tabindex=\"-1\">Consultoria em marketing<\/a><\/li>\n<\/ul>\n<\/li>\n<li class=\"menu-item menu-item-type-post_type menu-item-object-page menu-item-1760\"><a href=\"https:\/\/vejotadigital.com.br\/index.php\/quem-somos\/\" class=\"elementor-item\" tabindex=\"-1\">Quem somos<\/a><\/li>\n<li class=\"menu-item menu-item-type-post_type menu-item-object-page menu-item-1759\"><a href=\"https:\/\/vejotadigital.com.br\/index.php\/fale-conosco\/\" class=\"elementor-item\" tabindex=\"-1\">Fale Conosco<\/a><\/li>\n<\/ul>\t\t\t<\/nav>\n\t\t\t\t\t\t<\/div>\n\t\t\t\t<\/div>\n\t\t\t\t<\/div>\n\t\t<div class=\"elementor-element elementor-element-cdf38a4 e-con-full e-flex e-con e-parent\" data-id=\"cdf38a4\" data-element_type=\"container\" data-e-type=\"container\">\n\t\t\t\t<div class=\"elementor-element elementor-element-ce079a1 elementor-shape-circle elementor-grid-0 e-grid-align-center elementor-widget elementor-widget-social-icons\" data-id=\"ce079a1\" data-element_type=\"widget\" data-e-type=\"widget\" data-widget_type=\"social-icons.default\">\n\t\t\t\t<div class=\"elementor-widget-container\">\n\t\t\t\t\t\t\t<div class=\"elementor-social-icons-wrapper elementor-grid\" role=\"list\">\n\t\t\t\t\t\t\t<span class=\"elementor-grid-item\" role=\"listitem\">\n\t\t\t\t\t<a class=\"elementor-icon elementor-social-icon elementor-social-icon-facebook elementor-repeater-item-3e88c59\" href=\"https:\/\/www.facebook.com\/profile.php?id=100095436227196\" target=\"_blank\">\n\t\t\t\t\t\t<span class=\"elementor-screen-only\">Facebook<\/span>\n\t\t\t\t\t\t<i aria-hidden=\"true\" class=\"fab fa-facebook\"><\/i>\t\t\t\t\t<\/a>\n\t\t\t\t<\/span>\n\t\t\t\t\t\t\t<span class=\"elementor-grid-item\" role=\"listitem\">\n\t\t\t\t\t<a class=\"elementor-icon elementor-social-icon elementor-social-icon-whatsapp elementor-repeater-item-8902e42\" href=\"https:\/\/wa.me\/5511953061023\" target=\"_blank\">\n\t\t\t\t\t\t<span class=\"elementor-screen-only\">Whatsapp<\/span>\n\t\t\t\t\t\t<i aria-hidden=\"true\" class=\"fab fa-whatsapp\"><\/i>\t\t\t\t\t<\/a>\n\t\t\t\t<\/span>\n\t\t\t\t\t\t\t<span class=\"elementor-grid-item\" role=\"listitem\">\n\t\t\t\t\t<a class=\"elementor-icon elementor-social-icon elementor-social-icon-instagram elementor-repeater-item-160db76\" href=\"https:\/\/www.instagram.com\/vejota_digital\/\" target=\"_blank\">\n\t\t\t\t\t\t<span class=\"elementor-screen-only\">Instagram<\/span>\n\t\t\t\t\t\t<i aria-hidden=\"true\" class=\"fab fa-instagram\"><\/i>\t\t\t\t\t<\/a>\n\t\t\t\t<\/span>\n\t\t\t\t\t<\/div>\n\t\t\t\t\t\t<\/div>\n\t\t\t\t<\/div>\n\t\t\t\t<\/div>\n\t\t\t\t<\/div>\n\t\t<div class=\"elementor-element elementor-element-5d8899f e-con-full e-flex e-con e-parent\" data-id=\"5d8899f\" data-element_type=\"container\" data-e-type=\"container\" data-settings=\"{&quot;background_background&quot;:&quot;classic&quot;}\">\n\t\t\t\t<div class=\"elementor-element elementor-element-9e43b7e elementor-widget elementor-widget-heading\" data-id=\"9e43b7e\" data-element_type=\"widget\" data-e-type=\"widget\" data-widget_type=\"heading.default\">\n\t\t\t\t<div class=\"elementor-widget-container\">\n\t\t\t\t\t<h6 class=\"elementor-heading-title elementor-size-default\">VJ Digital Copyright \u00a9 2022. Todos os direitos reservados.<\/h6>\t\t\t\t<\/div>\n\t\t\t\t<\/div>\n\t\t\t\t<\/div>\n\t\t\t\t<\/div>\n\t\t<\/div>\n\t\t\t\t\t\t<\/div>\n\t\t\t\t<\/div>\n\t\t\t\t<\/div>\n\t\t\t\t<\/div>\n\t\t","protected":false},"excerpt":{"rendered":"<p>Consultoria em Marketing Saiba Mais Mais Clientes, Mais Vendas: Alavanque seu Neg\u00f3cio com Nossa Consultoria em Marketing Digital e Descubra como Nossa Consultoria Faz toda a Diferen\u00e7a. Nosso trabalho envolve uma equipe de Consultores especializados em Marketing Digital online, que fornecem orienta\u00e7\u00f5es estrat\u00e9gicas e solu\u00e7\u00f5es personalizadas para empresas. Nosso objetivo \u00e9 melhorar a presen\u00e7a da [&hellip;]<\/p>\n","protected":false},"author":1,"featured_media":0,"parent":0,"menu_order":0,"comment_status":"closed","ping_status":"closed","template":"elementor_header_footer","meta":{"footnotes":""},"class_list":["post-1599","page","type-page","status-publish","hentry"],"blocksy_meta":{"styles_descriptor":{"styles":{"desktop":"","tablet":"","mobile":""},"google_fonts":[],"version":6}},"_links":{"self":[{"href":"https:\/\/vejotadigital.com.br\/index.php\/wp-json\/wp\/v2\/pages\/1599","targetHints":{"allow":["GET"]}}],"collection":[{"href":"https:\/\/vejotadigital.com.br\/index.php\/wp-json\/wp\/v2\/pages"}],"about":[{"href":"https:\/\/vejotadigital.com.br\/index.php\/wp-json\/wp\/v2\/types\/page"}],"author":[{"embeddable":true,"href":"https:\/\/vejotadigital.com.br\/index.php\/wp-json\/wp\/v2\/users\/1"}],"replies":[{"embeddable":true,"href":"https:\/\/vejotadigital.com.br\/index.php\/wp-json\/wp\/v2\/comments?post=1599"}],"version-history":[{"count":189,"href":"https:\/\/vejotadigital.com.br\/index.php\/wp-json\/wp\/v2\/pages\/1599\/revisions"}],"predecessor-version":[{"id":2687,"href":"https:\/\/vejotadigital.com.br\/index.php\/wp-json\/wp\/v2\/pages\/1599\/revisions\/2687"}],"wp:attachment":[{"href":"https:\/\/vejotadigital.com.br\/index.php\/wp-json\/wp\/v2\/media?parent=1599"}],"curies":[{"name":"wp","href":"https:\/\/api.w.org\/{rel}","templated":true}]}}